{"id":22,"date":"2021-03-03T15:24:14","date_gmt":"2021-03-03T14:24:14","guid":{"rendered":"https:\/\/care-buy.de\/averosa-neu\/\/?page_id=22"},"modified":"2021-06-08T10:12:12","modified_gmt":"2021-06-08T08:12:12","slug":"qualitaetsmanagement-und-qualitaetssicherung","status":"publish","type":"page","link":"https:\/\/care-buy.de\/averosa-neu\/index.php\/qualitaetsmanagement-und-qualitaetssicherung\/","title":{"rendered":"Qualit\u00e4ts\u00admanagement und Qualit\u00e4ts\u00adsicherung"},"content":{"rendered":"\t\t<div data-elementor-type=\"wp-page\" data-elementor-id=\"22\" class=\"elementor elementor-22\">\n\t\t\t\t\t\t\t\t\t<section class=\"elementor-section elementor-top-section elementor-element elementor-element-47dabe7 elementor-section-boxed elementor-section-height-default elementor-section-height-default\" data-id=\"47dabe7\" data-element_type=\"section\" data-settings=\"{&quot;_ha_eqh_enable&quot;:false}\">\n\t\t\t\t\t\t<div class=\"elementor-container elementor-column-gap-default\">\n\t\t\t\t\t<div class=\"elementor-column elementor-col-100 elementor-top-column elementor-element elementor-element-8c089e8\" data-id=\"8c089e8\" data-element_type=\"column\">\n\t\t\t<div class=\"elementor-widget-wrap elementor-element-populated\">\n\t\t\t\t\t\t\t\t<div class=\"elementor-element elementor-element-314c796 elementor-widget elementor-widget-heading\" data-id=\"314c796\" data-element_type=\"widget\" data-widget_type=\"heading.default\">\n\t\t\t\t<div class=\"elementor-widget-container\">\n\t\t\t<h2 class=\"elementor-heading-title elementor-size-default\">Qualit\u00e4tsmanagement f\u00fcr ambulante und (teil-) station\u00e4re Pflegeeinrichtungen<\/h2>\t\t<\/div>\n\t\t\t\t<\/div>\n\t\t\t\t<div class=\"elementor-element elementor-element-df18a68 elementor-widget elementor-widget-image\" data-id=\"df18a68\" data-element_type=\"widget\" data-widget_type=\"image.default\">\n\t\t\t\t<div class=\"elementor-widget-container\">\n\t\t\t\t\t\t\t\t\t\t\t\t\t\t\t<img decoding=\"async\" width=\"266\" height=\"3\" src=\"https:\/\/care-buy.de\/averosa-neu\/wp-content\/uploads\/2021\/04\/l2.png\" class=\"attachment-large size-large\" alt=\"\" srcset=\"https:\/\/care-buy.de\/averosa-neu\/wp-content\/uploads\/2021\/04\/l2.png 266w, https:\/\/care-buy.de\/averosa-neu\/wp-content\/uploads\/2021\/04\/l2-150x3.png 150w\" sizes=\"(max-width: 266px) 100vw, 266px\" \/>\t\t\t\t\t\t\t\t\t\t\t\t\t\t\t<\/div>\n\t\t\t\t<\/div>\n\t\t\t\t<div class=\"elementor-element elementor-element-054b291 elementor-widget elementor-widget-text-editor\" data-id=\"054b291\" data-element_type=\"widget\" data-widget_type=\"text-editor.default\">\n\t\t\t\t<div class=\"elementor-widget-container\">\n\t\t\t\t\t\t\t<ul><li>Auditieren des Pflegedienstes bzw. der Einrichtung mit Bewertung der QM-Dokumentation, Darstellung der Abl\u00e4ufe und Prozesse, Fach-Interviews mit Mitarbeitern, Pr\u00fcfung von Pflegedokumentationen, Pr\u00fcfung der Umsetzung von Pflegestandards (Pflegeassessment), Bewertung der durchgef\u00fchrten Pflegevisiten, Bewertung des Beschwerdemanagements, Bewertung des Umgangs mit Hygiene und Desinfektion; Bewertung des HACCP-Konzeptes (nur station\u00e4r), internen Abrechnungspr\u00fcfungen, Bewertungen des Umgangs mit der Datenauswertstelle (Erhebungsreport, Prozessqualit\u00e4t, Qualit\u00e4t ausgef\u00fcllter Meldeb\u00f6gen)<\/li><li>Durchf\u00fchrung von Patienten- und Bewohnerbefragungen,<\/li><li>Bewertung von dementen Bewohnern aus Sicht ELLINOR,<\/li><li>Erstellung eines Auditberichtes und Darstellung der Ergebnisse vor der Gesch\u00e4ftsleitung und dann der Mitarbeiter*innen<\/li><li>\u00dcberpr\u00fcfung und Anpassung s\u00e4mtlicher Unterlagen, die nach Forderung der Qualit\u00e4tspr\u00fcfungsrichtlinien und der l\u00e4nderbezogenen Heimgesetze notwendig sind (Ber\u00fccksichtigen aller Nationalen Expertenstandards, der Grundsatzstellungnahmen des MDS in Essen, der \u201eCharta der Rechte pflege\u2013 und hilfebed\u00fcrftiger Menschen\u201d 2005, der Qualit\u00e4tsniveaus der Buko QS, der \u201cCharta zur Betreuung schwerstkranker und sterbender Menschen\u201d 2010)<\/li><li>Einweisung der Mitarbeiter in Pr\u00fcfungsabl\u00e4ufe<\/li><li>Einweisung der Mitarbeiter in Grundlagen der Qualit\u00e4tssicherung, der zu beherrschenden Unterlagen und Zusammenh\u00e4nge<\/li><li>Gestaltung Ihres prospektiven Fortbildungsplanes, Absicherung von In-House- Seminaren und PiN \u2013 Pflegewissen im Netz<\/li><li>bei Interesse: Vorbereitung freiwilliger Zertifizierung<\/li><li>selbstverst\u00e4ndlich haben Sie die M\u00f6glichkeit, einzelne Audits durchf\u00fchren zu lassen, um die verschiedenen Prozesse n\u00e4her zu analysieren<\/li><li>Unterst\u00fctzung bei Aufbau und der Aufrechterhaltung eines Qualit\u00e4tszirkels<\/li><li>Unterst\u00fctzung des Qualit\u00e4tsmanagementbeauftragten<\/li><li>Einsatz einer \u201cTask Force\u201d bei erheblichen Problemen<\/li><li>Teilnahme an externen Pr\u00fcfungen Dritter (bspw. Polizei und Ermittlungsbeh\u00f6rden)<\/li><\/ul><p>\u00a0<\/p>\t\t\t\t\t\t<\/div>\n\t\t\t\t<\/div>\n\t\t\t\t\t<\/div>\n\t\t<\/div>\n\t\t\t\t\t\t\t<\/div>\n\t\t<\/section>\n\t\t\t\t<section class=\"elementor-section elementor-top-section elementor-element elementor-element-78b4c63 elementor-section-boxed elementor-section-height-default elementor-section-height-default\" data-id=\"78b4c63\" data-element_type=\"section\" data-settings=\"{&quot;_ha_eqh_enable&quot;:false}\">\n\t\t\t\t\t\t<div class=\"elementor-container elementor-column-gap-default\">\n\t\t\t\t\t<div class=\"elementor-column elementor-col-100 elementor-top-column elementor-element elementor-element-572665f\" data-id=\"572665f\" data-element_type=\"column\">\n\t\t\t<div class=\"elementor-widget-wrap elementor-element-populated\">\n\t\t\t\t\t\t\t\t<div class=\"elementor-element elementor-element-f7e39da elementor-widget elementor-widget-text-editor\" data-id=\"f7e39da\" data-element_type=\"widget\" data-widget_type=\"text-editor.default\">\n\t\t\t\t<div class=\"elementor-widget-container\">\n\t\t\t\t\t\t\t<p>Gern sind wir bereit, Ihnen bei bereits durchgef\u00fchrten oder anstehenden Pr\u00fcfungen durch den MDK bzw. der Heimaufsichten, unsere Hilfe aus externer Sicht anzubieten. Alle Ergebnisse werden <strong>nur<\/strong> Ihnen zur Verf\u00fcgung gestellt, somit erhalten Sie ein einrichtungsbezogenes Ergebnis zur weiteren Qualit\u00e4tsverbesserung und -stabilisierung.<\/p><p>Wir arbeiten mit der \u201cZentralen Beschwerdestelle f\u00fcr pflege- und hilfebed\u00fcrftige Menschen\u201d und \u201cDie Pflegeverf\u00fcgung\u201d zusammen.<\/p><p><strong>Wir sind bei Ihrer MDK-Qualit\u00e4tspr\u00fcfung und bei heimaufsichtlichen Begehungen, wenn gew\u00fcnscht, mit vor-Ort und lassen Sie nicht allein.<\/strong><\/p><p><strong>Lassen Sie sich ein unverbindliches Angebot durch unser Unternehmen zusenden. Wir stehen Ihnen auch gern f\u00fcr ein pers\u00f6nliches Gespr\u00e4ch zur Verf\u00fcgung, schreiben Sie mich an \u2013 info@averosa.de<\/strong><\/p><p><a href=\"http:\/\/www.averosa.de\/wp-content\/uploads\/2020\/05\/R\u00fcckfax-QM.png\" target=\"_blank\" rel=\"noopener\">R\u00fcckfax \u2013 Qualit\u00e4tsmanagement (Download PNG)<\/a><\/p><p>Ihr Jens Frie\u00df<br \/>Inhaber<br \/>QM\/Auditor DGQ<br \/>DCM \u2013 Basic \u2013 User<\/p>\t\t\t\t\t\t<\/div>\n\t\t\t\t<\/div>\n\t\t\t\t\t<\/div>\n\t\t<\/div>\n\t\t\t\t\t\t\t<\/div>\n\t\t<\/section>\n\t\t\t\t\t\t\t<\/div>\n\t\t","protected":false},"excerpt":{"rendered":"<p>Qualit\u00e4tsmanagement f\u00fcr ambulante und (teil-) station\u00e4re Pflegeeinrichtungen Auditieren des Pflegedienstes bzw. der Einrichtung mit Bewertung der QM-Dokumentation, Darstellung der Abl\u00e4ufe und Prozesse, Fach-Interviews mit Mitarbeitern, Pr\u00fcfung von Pflegedokumentationen, Pr\u00fcfung der Umsetzung von Pflegestandards (Pflegeassessment), Bewertung der durchgef\u00fchrten Pflegevisiten, Bewertung des Beschwerdemanagements, Bewertung des Umgangs mit Hygiene und Desinfektion; Bewertung des HACCP-Konzeptes (nur station\u00e4r), internen Abrechnungspr\u00fcfungen, Bewertungen des Umgangs mit der Datenauswertstelle (Erhebungsreport, Prozessqualit\u00e4t, Qualit\u00e4t ausgef\u00fcllter Meldeb\u00f6gen) Durchf\u00fchrung von Patienten- und Bewohnerbefragungen, Bewertung von dementen Bewohnern aus Sicht ELLINOR, Erstellung eines Auditberichtes und Darstellung der Ergebnisse vor der Gesch\u00e4ftsleitung und dann der Mitarbeiter*innen \u00dcberpr\u00fcfung und Anpassung s\u00e4mtlicher Unterlagen, die nach Forderung der Qualit\u00e4tspr\u00fcfungsrichtlinien und der l\u00e4nderbezogenen Heimgesetze notwendig sind (Ber\u00fccksichtigen aller Nationalen Expertenstandards, der Grundsatzstellungnahmen des MDS in Essen, der \u201eCharta der Rechte pflege\u2013 und hilfebed\u00fcrftiger Menschen\u201d 2005, der Qualit\u00e4tsniveaus der Buko QS, der \u201cCharta zur Betreuung schwerstkranker und sterbender Menschen\u201d 2010) Einweisung der Mitarbeiter in Pr\u00fcfungsabl\u00e4ufe Einweisung der Mitarbeiter in Grundlagen der Qualit\u00e4tssicherung, der zu beherrschenden Unterlagen und Zusammenh\u00e4nge Gestaltung Ihres prospektiven Fortbildungsplanes, Absicherung von In-House- Seminaren und PiN \u2013 Pflegewissen im Netz bei Interesse: Vorbereitung freiwilliger Zertifizierung selbstverst\u00e4ndlich haben Sie die M\u00f6glichkeit, einzelne Audits durchf\u00fchren zu lassen, um die verschiedenen Prozesse n\u00e4her zu analysieren Unterst\u00fctzung bei Aufbau und der Aufrechterhaltung eines Qualit\u00e4tszirkels Unterst\u00fctzung des Qualit\u00e4tsmanagementbeauftragten Einsatz einer \u201cTask Force\u201d bei erheblichen Problemen Teilnahme an externen Pr\u00fcfungen Dritter (bspw. Polizei und Ermittlungsbeh\u00f6rden) \u00a0 Gern sind wir bereit, Ihnen bei bereits durchgef\u00fchrten oder anstehenden Pr\u00fcfungen durch den MDK bzw. der Heimaufsichten, unsere Hilfe aus externer Sicht anzubieten. Alle Ergebnisse werden nur Ihnen zur Verf\u00fcgung gestellt, somit erhalten Sie ein einrichtungsbezogenes Ergebnis zur weiteren Qualit\u00e4tsverbesserung und -stabilisierung. Wir arbeiten mit der \u201cZentralen Beschwerdestelle f\u00fcr pflege- und hilfebed\u00fcrftige Menschen\u201d und \u201cDie Pflegeverf\u00fcgung\u201d zusammen. Wir sind bei Ihrer MDK-Qualit\u00e4tspr\u00fcfung und bei heimaufsichtlichen Begehungen, wenn gew\u00fcnscht, mit vor-Ort und lassen Sie nicht allein. Lassen Sie sich ein unverbindliches Angebot durch unser Unternehmen zusenden. Wir stehen Ihnen auch gern f\u00fcr ein pers\u00f6nliches Gespr\u00e4ch zur Verf\u00fcgung, schreiben Sie mich an \u2013 info@averosa.de R\u00fcckfax \u2013 Qualit\u00e4tsmanagement (Download PNG) Ihr Jens Frie\u00dfInhaberQM\/Auditor DGQDCM \u2013 Basic \u2013 User<\/p>\n","protected":false},"author":1,"featured_media":0,"parent":0,"menu_order":0,"comment_status":"closed","ping_status":"closed","template":"elementor_header_footer","meta":{"footnotes":"","_links_to":"","_links_to_target":""},"class_list":["post-22","page","type-page","status-publish","hentry"],"_links":{"self":[{"href":"https:\/\/care-buy.de\/averosa-neu\/index.php\/wp-json\/wp\/v2\/pages\/22","targetHints":{"allow":["GET"]}}],"collection":[{"href":"https:\/\/care-buy.de\/averosa-neu\/index.php\/wp-json\/wp\/v2\/pages"}],"about":[{"href":"https:\/\/care-buy.de\/averosa-neu\/index.php\/wp-json\/wp\/v2\/types\/page"}],"author":[{"embeddable":true,"href":"https:\/\/care-buy.de\/averosa-neu\/index.php\/wp-json\/wp\/v2\/users\/1"}],"replies":[{"embeddable":true,"href":"https:\/\/care-buy.de\/averosa-neu\/index.php\/wp-json\/wp\/v2\/comments?post=22"}],"version-history":[{"count":13,"href":"https:\/\/care-buy.de\/averosa-neu\/index.php\/wp-json\/wp\/v2\/pages\/22\/revisions"}],"predecessor-version":[{"id":242,"href":"https:\/\/care-buy.de\/averosa-neu\/index.php\/wp-json\/wp\/v2\/pages\/22\/revisions\/242"}],"wp:attachment":[{"href":"https:\/\/care-buy.de\/averosa-neu\/index.php\/wp-json\/wp\/v2\/media?parent=22"}],"curies":[{"name":"wp","href":"https:\/\/api.w.org\/{rel}","templated":true}]}}