{"id":30,"date":"2021-03-03T15:25:36","date_gmt":"2021-03-03T14:25:36","guid":{"rendered":"https:\/\/care-buy.de\/averosa-neu\/\/?page_id=30"},"modified":"2021-06-10T16:00:54","modified_gmt":"2021-06-10T14:00:54","slug":"pin-pflegewissen-im-netz-arbeit-mit-fachaufzeichnungen-im-team-oder-allein","status":"publish","type":"page","link":"https:\/\/care-buy.de\/averosa-neu\/index.php\/pin-pflegewissen-im-netz-arbeit-mit-fachaufzeichnungen-im-team-oder-allein\/","title":{"rendered":"PiN \u2013 Pflegewissen im Netz (Arbeit mit Fachaufzeichnungen) im Team oder allein!"},"content":{"rendered":"\t\t<div data-elementor-type=\"wp-page\" data-elementor-id=\"30\" class=\"elementor elementor-30\">\n\t\t\t\t\t\t\t\t\t<section class=\"elementor-section elementor-top-section elementor-element elementor-element-68aa6f3 elementor-section-boxed elementor-section-height-default elementor-section-height-default\" data-id=\"68aa6f3\" data-element_type=\"section\" data-settings=\"{&quot;_ha_eqh_enable&quot;:false}\">\n\t\t\t\t\t\t<div class=\"elementor-container elementor-column-gap-default\">\n\t\t\t\t\t<div class=\"elementor-column elementor-col-100 elementor-top-column elementor-element elementor-element-3e7cd28\" data-id=\"3e7cd28\" data-element_type=\"column\">\n\t\t\t<div class=\"elementor-widget-wrap elementor-element-populated\">\n\t\t\t\t\t\t\t\t<div class=\"elementor-element elementor-element-391832d elementor-widget elementor-widget-heading\" data-id=\"391832d\" data-element_type=\"widget\" data-widget_type=\"heading.default\">\n\t\t\t\t<div class=\"elementor-widget-container\">\n\t\t\t<h2 class=\"elementor-heading-title elementor-size-default\">PiN \u2013 Pflegewissen im Netz (Arbeit mit Fachaufzeichnungen) im Team oder allein!<\/h2>\t\t<\/div>\n\t\t\t\t<\/div>\n\t\t\t\t<div class=\"elementor-element elementor-element-3366872 elementor-widget elementor-widget-image\" data-id=\"3366872\" data-element_type=\"widget\" data-widget_type=\"image.default\">\n\t\t\t\t<div class=\"elementor-widget-container\">\n\t\t\t\t\t\t\t\t\t\t\t\t\t\t\t<img decoding=\"async\" width=\"266\" height=\"3\" src=\"https:\/\/care-buy.de\/averosa-neu\/wp-content\/uploads\/2021\/04\/l2.png\" class=\"attachment-large size-large\" alt=\"\" srcset=\"https:\/\/care-buy.de\/averosa-neu\/wp-content\/uploads\/2021\/04\/l2.png 266w, https:\/\/care-buy.de\/averosa-neu\/wp-content\/uploads\/2021\/04\/l2-150x3.png 150w\" sizes=\"(max-width: 266px) 100vw, 266px\" \/>\t\t\t\t\t\t\t\t\t\t\t\t\t\t\t<\/div>\n\t\t\t\t<\/div>\n\t\t\t\t<section class=\"elementor-section elementor-inner-section elementor-element elementor-element-1089b2c elementor-section-boxed elementor-section-height-default elementor-section-height-default\" data-id=\"1089b2c\" data-element_type=\"section\" data-settings=\"{&quot;_ha_eqh_enable&quot;:false}\">\n\t\t\t\t\t\t<div class=\"elementor-container elementor-column-gap-default\">\n\t\t\t\t\t<div class=\"elementor-column elementor-col-50 elementor-inner-column elementor-element elementor-element-9f0fc9d\" data-id=\"9f0fc9d\" data-element_type=\"column\">\n\t\t\t<div class=\"elementor-widget-wrap elementor-element-populated\">\n\t\t\t\t\t\t\t\t<div class=\"elementor-element elementor-element-8836259 elementor-widget elementor-widget-text-editor\" data-id=\"8836259\" data-element_type=\"widget\" data-widget_type=\"text-editor.default\">\n\t\t\t\t<div class=\"elementor-widget-container\">\n\t\t\t\t\t\t\t<p>Sehr geehrte Damen und Herren,<\/p><p>ich lade Sie zu unserem neuen Online-Angebot \u201cPiN \u2013 Pflegwissen im Netz\u201d ein. Praxisnah, rechtssicher und barrierefrei, sichern Sie sich die Fort- und Weiterbildungen bspw. zu den Nationalen Expertenstandards, den j\u00e4hrlichen Belehrungen oder weiteren interessanten und aktuellen Themen um die Pflege. Unser Angebot richtet sich an die Leitungen von Pflegeheimen und Pflegediensten in ganz Deutschland, \u00d6sterreich und der Schweiz.<\/p><p>\u201eUnd so geht\u2019s. Unten die Felder vollst\u00e4ndig ausf\u00fcllen, die Seminare eintragen die Sie gern haben m\u00f6chten und auf senden dr\u00fccken. Einfacher geht es nicht. Um den Rest k\u00fcmmern wir uns\u201c.<\/p><p>\u00a0<\/p>\t\t\t\t\t\t<\/div>\n\t\t\t\t<\/div>\n\t\t\t\t\t<\/div>\n\t\t<\/div>\n\t\t\t\t<div class=\"elementor-column elementor-col-50 elementor-inner-column elementor-element elementor-element-f34dec7\" data-id=\"f34dec7\" data-element_type=\"column\">\n\t\t\t<div class=\"elementor-widget-wrap elementor-element-populated\">\n\t\t\t\t\t\t\t\t<div class=\"elementor-element elementor-element-76565c2 elementor-widget elementor-widget-image\" data-id=\"76565c2\" data-element_type=\"widget\" data-widget_type=\"image.default\">\n\t\t\t\t<div class=\"elementor-widget-container\">\n\t\t\t\t\t\t\t\t\t\t\t\t\t\t\t<img decoding=\"async\" width=\"768\" height=\"423\" src=\"https:\/\/care-buy.de\/averosa-neu\/wp-content\/uploads\/2021\/06\/Wundbeurteilung-und-dokumentation-768x423-1.png\" class=\"attachment-large size-large\" alt=\"PIN\" srcset=\"https:\/\/care-buy.de\/averosa-neu\/wp-content\/uploads\/2021\/06\/Wundbeurteilung-und-dokumentation-768x423-1.png 768w, https:\/\/care-buy.de\/averosa-neu\/wp-content\/uploads\/2021\/06\/Wundbeurteilung-und-dokumentation-768x423-1-300x165.png 300w\" sizes=\"(max-width: 768px) 100vw, 768px\" \/>\t\t\t\t\t\t\t\t\t\t\t\t\t\t\t<\/div>\n\t\t\t\t<\/div>\n\t\t\t\t\t<\/div>\n\t\t<\/div>\n\t\t\t\t\t\t\t<\/div>\n\t\t<\/section>\n\t\t\t\t\t<\/div>\n\t\t<\/div>\n\t\t\t\t\t\t\t<\/div>\n\t\t<\/section>\n\t\t\t\t<section class=\"elementor-section elementor-top-section elementor-element elementor-element-d16a465 elementor-section-boxed elementor-section-height-default elementor-section-height-default\" data-id=\"d16a465\" data-element_type=\"section\" data-settings=\"{&quot;_ha_eqh_enable&quot;:false}\">\n\t\t\t\t\t\t<div class=\"elementor-container elementor-column-gap-default\">\n\t\t\t\t\t<div class=\"elementor-column elementor-col-100 elementor-top-column elementor-element elementor-element-ba48518\" data-id=\"ba48518\" data-element_type=\"column\">\n\t\t\t<div class=\"elementor-widget-wrap elementor-element-populated\">\n\t\t\t\t\t\t\t\t<div class=\"elementor-element elementor-element-7c1a064 elementor-widget elementor-widget-text-editor\" data-id=\"7c1a064\" data-element_type=\"widget\" data-widget_type=\"text-editor.default\">\n\t\t\t\t<div class=\"elementor-widget-container\">\n\t\t\t\t\t\t\t<p><strong>Zur Ansicht, Auszug aus Nr. 008 Expertenstandard Dekubitusprophylaxe \u2013 <a href=\"https:\/\/youtu.be\/e_f6vukOX8c\" target=\"_blank\" rel=\"noopener\">https:\/\/youtu.be\/e_f6vukOX8c<\/a><\/strong><\/p>\t\t\t\t\t\t<\/div>\n\t\t\t\t<\/div>\n\t\t\t\t<div class=\"elementor-element elementor-element-3d69aec elementor-widget elementor-widget-text-editor\" data-id=\"3d69aec\" data-element_type=\"widget\" data-widget_type=\"text-editor.default\">\n\t\t\t\t<div class=\"elementor-widget-container\">\n\t\t\t\t\t\t\t<ul><li>003 Expertenstandard Demenz<\/li><li>007 Expertenstandard Ern\u00e4hrungsmanagement<\/li><li>008 Expertenstandard Dekubitusprophylaxe<\/li><li>009 Expertenstandard chronische Wunden<\/li><li>010 Expertenstandard Kontinenzf\u00f6rderung<\/li><li>011 Expertenstandard Sturzprophylaxe<\/li><li>012 Kontrakturenprophylaxe in der Pflege<\/li><li>069 Umgang mit herausforderndem Verhalten bei Demenz<\/li><li>015 Expertenstandard \u201eakute Schmerzen\u201c<\/li><li>080 Wundbeurteilung und -dokumentation<\/li><li>043 Ulcus cruris als chronische Wunde<\/li><li>044 Wie entsteht der Pflegegrad?<\/li><li>046 Expertenstandard Mundgesundheit<\/li><li>022 gerontopsych. Diagnosen<\/li><li>055 Medikamente in der Pflege, 10-R-Regel<\/li><li>084 Expertenstandard Mobilit\u00e4tsf\u00f6rderung<\/li><li>085 Expertenstandard \u201echronischer Schmerz\u201c<\/li><li>089 Die GS MDS zu Ern\u00e4hrung\/Trinken<\/li><li>061 2 in 1 Dekubitusprophylaxe\/chronische Wunden<\/li><li>096 \u201eHands up\u201c Richtige H\u00e4ndehygiene und -desinfektion<\/li><li>034 j\u00e4hrliche Belehrung \u2013 Erste Hilfe, Notf\u00e4lle<\/li><li>035 j\u00e4hrliche Belehrung \u2013 Datenschutz<\/li><li>047 j\u00e4hrliche Belehrung \u2013 Hygiene und Infektionsschutz in der Pflege<\/li><li>104 j\u00e4hrliche Belehrung \u2013 zum Umgang mit Lebensmitteln \u00a7 43 IfSG<\/li><\/ul>\t\t\t\t\t\t<\/div>\n\t\t\t\t<\/div>\n\t\t\t\t\t<\/div>\n\t\t<\/div>\n\t\t\t\t\t\t\t<\/div>\n\t\t<\/section>\n\t\t\t\t<section class=\"elementor-section elementor-top-section elementor-element elementor-element-4d6c1ca elementor-section-boxed elementor-section-height-default elementor-section-height-default\" data-id=\"4d6c1ca\" data-element_type=\"section\" data-settings=\"{&quot;background_background&quot;:&quot;classic&quot;,&quot;_ha_eqh_enable&quot;:false}\">\n\t\t\t\t\t\t<div class=\"elementor-container elementor-column-gap-default\">\n\t\t\t\t\t<div class=\"elementor-column elementor-col-100 elementor-top-column elementor-element elementor-element-4114544\" data-id=\"4114544\" data-element_type=\"column\">\n\t\t\t<div class=\"elementor-widget-wrap elementor-element-populated\">\n\t\t\t\t\t\t\t\t<div class=\"elementor-element elementor-element-1c9ce32 elementor-widget elementor-widget-text-editor\" data-id=\"1c9ce32\" data-element_type=\"widget\" data-widget_type=\"text-editor.default\">\n\t\t\t\t<div class=\"elementor-widget-container\">\n\t\t\t\t\t\t\t<p>1. \u201ePiN \u2013 Pflegewissen im Netz\u201c ist ein Angebot des Institut Averosa.<\/p><p>2. Die Dauer der Seminare ist unterschiedlich. Der Auftragnehmer darf den Link oder pdF \u2013 USB \u2013 Stick f\u00fcr Gemeinschaftsveranstaltungen aber auch zu Einzelausbildungen im Unternehmen verwenden bzw. weitergeben. Eine Weitergabe an Dritte ist verboten. Je Seminar wird 1 Lehrbrief \u00fcbergeben, dieser wird mit den Teilnehmernachweise zugesandt.<\/p><p>3. Der Grundpreis orientiert sich an 15 Teilnehmern. Bei \u00dcberschreitung ergibt sich ein anteiliger Aufpreis (Grundpreis \/ 15 x Anzahl der Mitarbeiter).<\/p><p>4. Alle Seminare stellen den jeweils aktuellen Stand des medizinisch-pflegerischen Wissens zum Zeitpunkt des Lehrgangs dar.<\/p><p>5. Grundpreis: je Seminar nur 575,00 \u20ac. Km-Kosten fallen nicht an. Der Grundpreis ist f\u00e4llig vor Zusendung des pdF-USB-Stick bzw. des Links. Eine Abschlussrechnung wird unter Umst\u00e4nden nach Ausstellung der Teilnehmernachweise n\u00f6tig (siehe Punkt 2).<\/p><p>6. Der Auftraggeber sendet an das Institut Averosa eine Namensliste aller Mitarbeiter*innen um die Teilnahmenachweise auszufertigen. Die Teilnahmenachweise werden mit der Abschlussrechnung bzw. bei Vorlage der Namensliste zugesandt.<\/p><p>7. Bei Verzug 15 % Verzugszinsen, je Mahnung 15,00 \u20ac. Alle Betr\u00e4ge verstehen sich zuz\u00fcglich der jeweils geltenden MwSt.<\/p><p>8. Es gilt das auf der Homepage www.averosa.de ver\u00f6ffentlichte Datenschutzkonzept auf der Grundlage der EU-Datenschutzgrundverordnung und des BDSG.<\/p>\t\t\t\t\t\t<\/div>\n\t\t\t\t<\/div>\n\t\t\t\t\t<\/div>\n\t\t<\/div>\n\t\t\t\t\t\t\t<\/div>\n\t\t<\/section>\n\t\t\t\t<section class=\"elementor-section elementor-top-section elementor-element elementor-element-cdb363b elementor-section-boxed elementor-section-height-default elementor-section-height-default\" data-id=\"cdb363b\" data-element_type=\"section\" data-settings=\"{&quot;_ha_eqh_enable&quot;:false}\">\n\t\t\t\t\t\t<div class=\"elementor-container elementor-column-gap-default\">\n\t\t\t\t\t<div class=\"elementor-column elementor-col-100 elementor-top-column elementor-element elementor-element-5e6ba7d\" data-id=\"5e6ba7d\" data-element_type=\"column\">\n\t\t\t<div class=\"elementor-widget-wrap elementor-element-populated\">\n\t\t\t\t\t\t\t\t<div class=\"elementor-element elementor-element-b645350 elementor-widget elementor-widget-heading\" data-id=\"b645350\" data-element_type=\"widget\" data-widget_type=\"heading.default\">\n\t\t\t\t<div class=\"elementor-widget-container\">\n\t\t\t<h2 class=\"elementor-heading-title elementor-size-default\">Nutzen Sie unser Kontaktformular f\u00fcr die Buchung<\/h2>\t\t<\/div>\n\t\t\t\t<\/div>\n\t\t\t\t<div class=\"elementor-element elementor-element-ecf3eaf elementor-widget elementor-widget-image\" data-id=\"ecf3eaf\" data-element_type=\"widget\" data-widget_type=\"image.default\">\n\t\t\t\t<div class=\"elementor-widget-container\">\n\t\t\t\t\t\t\t\t\t\t\t\t\t\t\t<img decoding=\"async\" width=\"266\" height=\"3\" src=\"https:\/\/care-buy.de\/averosa-neu\/wp-content\/uploads\/2021\/04\/l2.png\" class=\"attachment-large size-large\" alt=\"\" srcset=\"https:\/\/care-buy.de\/averosa-neu\/wp-content\/uploads\/2021\/04\/l2.png 266w, https:\/\/care-buy.de\/averosa-neu\/wp-content\/uploads\/2021\/04\/l2-150x3.png 150w\" sizes=\"(max-width: 266px) 100vw, 266px\" \/>\t\t\t\t\t\t\t\t\t\t\t\t\t\t\t<\/div>\n\t\t\t\t<\/div>\n\t\t\t\t\t<\/div>\n\t\t<\/div>\n\t\t\t\t\t\t\t<\/div>\n\t\t<\/section>\n\t\t\t\t<section class=\"elementor-section elementor-top-section elementor-element elementor-element-270dcd6 elementor-section-boxed elementor-section-height-default elementor-section-height-default\" data-id=\"270dcd6\" data-element_type=\"section\" data-settings=\"{&quot;_ha_eqh_enable&quot;:false}\">\n\t\t\t\t\t\t<div class=\"elementor-container elementor-column-gap-default\">\n\t\t\t\t\t<div class=\"elementor-column elementor-col-100 elementor-top-column elementor-element elementor-element-44705b9\" data-id=\"44705b9\" data-element_type=\"column\">\n\t\t\t<div class=\"elementor-widget-wrap elementor-element-populated\">\n\t\t\t\t\t\t\t\t<div class=\"elementor-element elementor-element-df9f130 eael-contact-form-7-button-align-left eael-contact-form-7-button-custom elementor-widget elementor-widget-eael-contact-form-7\" data-id=\"df9f130\" data-element_type=\"widget\" data-widget_type=\"eael-contact-form-7.default\">\n\t\t\t\t<div class=\"elementor-widget-container\">\n\t\t\t<div class=\"eael-contact-form-7-wrapper\">\n                <div class=\"eael-contact-form eael-contact-form-7 eael-contact-form-df9f130 placeholder-show eael-contact-form-align-default\"><div role=\"form\" class=\"wpcf7\" id=\"wpcf7-f366-o1\" lang=\"de-DE\" dir=\"ltr\">\n<div class=\"screen-reader-response\"><p role=\"status\" aria-live=\"polite\" aria-atomic=\"true\"><\/p> <ul><\/ul><\/div>\n<form action=\"\/averosa-neu\/index.php\/wp-json\/wp\/v2\/pages\/30#wpcf7-f366-o1\" method=\"post\" class=\"wpcf7-form init\" novalidate=\"novalidate\" data-status=\"init\">\n<div style=\"display: none;\">\n<input type=\"hidden\" name=\"_wpcf7\" value=\"366\" \/>\n<input type=\"hidden\" name=\"_wpcf7_version\" value=\"5.6\" \/>\n<input type=\"hidden\" name=\"_wpcf7_locale\" value=\"de_DE\" \/>\n<input type=\"hidden\" name=\"_wpcf7_unit_tag\" value=\"wpcf7-f366-o1\" \/>\n<input type=\"hidden\" name=\"_wpcf7_container_post\" value=\"0\" \/>\n<input type=\"hidden\" name=\"_wpcf7_posted_data_hash\" value=\"\" \/>\n<\/div>\n<p><label> gebuchte Seminare (bitte Nummern eintragen) <br\/><span class=\"wpcf7-form-control-wrap\" data-name=\"your-seminar\"><input type=\"text\" name=\"your-seminar\" value=\"\" size=\"40\" class=\"wpcf7-form-control wpcf7-text wpcf7-validates-as-required\" aria-required=\"true\" aria-invalid=\"false\" \/><\/span> <\/label><\/p>\n<p><label>Pflegeeinrichtung\/Pflegedienst <br\/><span class=\"wpcf7-form-control-wrap\" data-name=\"your-dienst\"><input type=\"text\" name=\"your-dienst\" value=\"\" size=\"40\" class=\"wpcf7-form-control wpcf7-text wpcf7-validates-as-required\" aria-required=\"true\" aria-invalid=\"false\" \/><\/span> <\/label><\/p>\n<p><label>PLZ\/Ort<br\/> <span class=\"wpcf7-form-control-wrap\" data-name=\"ort\"><input type=\"text\" name=\"ort\" value=\"\" size=\"40\" class=\"wpcf7-form-control wpcf7-text wpcf7-validates-as-required\" aria-required=\"true\" aria-invalid=\"false\" \/><\/span> <\/label><\/p>\n<p><label>Stra\u00dfe\/Hausnr. <br\/><span class=\"wpcf7-form-control-wrap\" data-name=\"strasse\"><input type=\"text\" name=\"strasse\" value=\"\" size=\"40\" class=\"wpcf7-form-control wpcf7-text wpcf7-validates-as-required\" aria-required=\"true\" aria-invalid=\"false\" \/><\/span> <\/label><\/p>\n<p><label>Land <br\/><span class=\"wpcf7-form-control-wrap\" data-name=\"land\"><input type=\"text\" name=\"land\" value=\"\" size=\"40\" class=\"wpcf7-form-control wpcf7-text wpcf7-validates-as-required\" aria-required=\"true\" aria-invalid=\"false\" \/><\/span> <\/label><br\/><br\/><\/p>\n<p><strong>Ansprechpartner<\/strong><br\/><br \/>\n<label> Tel.Nr. (Bsp. 03420234300)<br\/><span class=\"wpcf7-form-control-wrap\" data-name=\"telefon\"><input type=\"tel\" name=\"telefon\" value=\"\" size=\"40\" class=\"wpcf7-form-control wpcf7-text wpcf7-tel wpcf7-validates-as-required wpcf7-validates-as-tel\" aria-required=\"true\" aria-invalid=\"false\" \/><\/span><\/label><\/p>\n<p><label>Name, Vorname <br\/><span class=\"wpcf7-form-control-wrap\" data-name=\"your-name\"><input type=\"text\" name=\"your-name\" value=\"\" size=\"40\" class=\"wpcf7-form-control wpcf7-text wpcf7-validates-as-required\" aria-required=\"true\" aria-invalid=\"false\" \/><\/span> <\/label><\/p>\n<p><label>Funktion <br\/><span class=\"wpcf7-form-control-wrap\" data-name=\"your-funktion\"><input type=\"text\" name=\"your-funktion\" value=\"\" size=\"40\" class=\"wpcf7-form-control wpcf7-text wpcf7-validates-as-required\" aria-required=\"true\" aria-invalid=\"false\" \/><\/span> <\/label><\/p>\n<p><label>E-Mail Adresse <br\/><span class=\"wpcf7-form-control-wrap\" data-name=\"your-email\"><input type=\"email\" name=\"your-email\" value=\"\" size=\"40\" class=\"wpcf7-form-control wpcf7-text wpcf7-email wpcf7-validates-as-required wpcf7-validates-as-email\" aria-required=\"true\" aria-invalid=\"false\" \/><\/span> <\/label><\/p>\n<p><\/lable>Bemerkungen<br\/><span class=\"wpcf7-form-control-wrap\" data-name=\"textarea-bemerkung\"><textarea name=\"textarea-bemerkung\" cols=\"40\" rows=\"10\" class=\"wpcf7-form-control wpcf7-textarea\" aria-invalid=\"false\"><\/textarea><\/span><\/lable><br\/><br\/><\/p>\n<p><span class=\"wpcf7-form-control-wrap\" data-name=\"checkbox-agb\"><span class=\"wpcf7-form-control wpcf7-checkbox wpcf7-validates-as-required\"><span class=\"wpcf7-list-item first last\"><input type=\"checkbox\" name=\"checkbox-agb[]\" value=\"Ich habe die AGB\u2019s gelesen und stimme diesen und hier aktuell ver\u00f6ffentlichten Konditionen hiermit zu.\" \/><span class=\"wpcf7-list-item-label\">Ich habe die AGB\u2019s gelesen und stimme diesen und hier aktuell ver\u00f6ffentlichten Konditionen hiermit zu.<\/span><\/span><\/span><\/span><\/p>\n<p><span class=\"wpcf7-form-control-wrap\" data-name=\"checkbox-zustimmung\"><span class=\"wpcf7-form-control wpcf7-checkbox wpcf7-validates-as-required\"><span class=\"wpcf7-list-item first last\"><input type=\"checkbox\" name=\"checkbox-zustimmung[]\" value=\"Ich stimme der Nutzung meiner Bestandsdaten f\u00fcr Zwecke der Werbung, der Marktforschung oder zur bedarfsgerechten Gestaltung der Angebote zu. Die Regelungen der EUDSGVO und des BDSG werden ber\u00fccksichtigt.\" \/><span class=\"wpcf7-list-item-label\">Ich stimme der Nutzung meiner Bestandsdaten f\u00fcr Zwecke der Werbung, der Marktforschung oder zur bedarfsgerechten Gestaltung der Angebote zu. Die Regelungen der EUDSGVO und des BDSG werden ber\u00fccksichtigt.<\/span><\/span><\/span><\/span><\/p>\n<p><input type=\"hidden\" name=\"_wpcf7_captcha_challenge_captcha-170\" value=\"1544021140\" \/><img decoding=\"async\" class=\"wpcf7-form-control wpcf7-captchac wpcf7-captcha-captcha-170\" width=\"72\" height=\"24\" alt=\"captcha\" src=\"https:\/\/care-buy.de\/averosa-neu\/wp-content\/uploads\/wpcf7_captcha\/1544021140.png\" \/><br \/>\n<span class=\"wpcf7-form-control-wrap\" data-name=\"captcha-170\"><input type=\"text\" name=\"captcha-170\" value=\"\" size=\"4\" maxlength=\"4\" class=\"wpcf7-form-control wpcf7-captchar\" autocomplete=\"off\" aria-invalid=\"false\" \/><\/span><\/p>\n<p><input type=\"submit\" value=\"Bestellung absenden\" class=\"wpcf7-form-control has-spinner wpcf7-submit\" \/><\/p>\n<div class=\"wpcf7-response-output\" aria-hidden=\"true\"><\/div><\/form><\/div><\/div>\n            <\/div>\t\t<\/div>\n\t\t\t\t<\/div>\n\t\t\t\t\t<\/div>\n\t\t<\/div>\n\t\t\t\t\t\t\t<\/div>\n\t\t<\/section>\n\t\t\t\t<section class=\"elementor-section elementor-top-section elementor-element elementor-element-a848d7c elementor-section-boxed elementor-section-height-default elementor-section-height-default\" data-id=\"a848d7c\" data-element_type=\"section\" data-settings=\"{&quot;_ha_eqh_enable&quot;:false}\">\n\t\t\t\t\t\t<div class=\"elementor-container elementor-column-gap-default\">\n\t\t\t\t\t<div class=\"elementor-column elementor-col-100 elementor-top-column elementor-element elementor-element-a1baa38\" data-id=\"a1baa38\" data-element_type=\"column\">\n\t\t\t<div class=\"elementor-widget-wrap elementor-element-populated\">\n\t\t\t\t\t\t\t\t<div class=\"elementor-element elementor-element-f879d13 elementor-widget elementor-widget-text-editor\" data-id=\"f879d13\" data-element_type=\"widget\" data-widget_type=\"text-editor.default\">\n\t\t\t\t<div class=\"elementor-widget-container\">\n\t\t\t\t\t\t\t<p>Oder drucken Sie dieses Formular ausgef\u00fcllt aus und senden Sie es per Fax an \u201e034202\/343029\u201d.<\/p><p>Ihr Jens Frie\u00df (Institut Averosa)<\/p>\t\t\t\t\t\t<\/div>\n\t\t\t\t<\/div>\n\t\t\t\t\t<\/div>\n\t\t<\/div>\n\t\t\t\t\t\t\t<\/div>\n\t\t<\/section>\n\t\t\t\t\t\t\t<\/div>\n\t\t","protected":false},"excerpt":{"rendered":"<p>PiN \u2013 Pflegewissen im Netz (Arbeit mit Fachaufzeichnungen) im Team oder allein! Sehr geehrte Damen und Herren, ich lade Sie zu unserem neuen Online-Angebot \u201cPiN \u2013 Pflegwissen im Netz\u201d ein. Praxisnah, rechtssicher und barrierefrei, sichern Sie sich die Fort- und Weiterbildungen bspw. zu den Nationalen Expertenstandards, den j\u00e4hrlichen Belehrungen oder weiteren interessanten und aktuellen Themen um die Pflege. Unser Angebot richtet sich an die Leitungen von Pflegeheimen und Pflegediensten in ganz Deutschland, \u00d6sterreich und der Schweiz. \u201eUnd so geht\u2019s. Unten die Felder vollst\u00e4ndig ausf\u00fcllen, die Seminare eintragen die Sie gern haben m\u00f6chten und auf senden dr\u00fccken. Einfacher geht es nicht. Um den Rest k\u00fcmmern wir uns\u201c. \u00a0 Zur Ansicht, Auszug aus Nr. 008 Expertenstandard Dekubitusprophylaxe \u2013 https:\/\/youtu.be\/e_f6vukOX8c 003 Expertenstandard Demenz 007 Expertenstandard Ern\u00e4hrungsmanagement 008 Expertenstandard Dekubitusprophylaxe 009 Expertenstandard chronische Wunden 010 Expertenstandard Kontinenzf\u00f6rderung 011 Expertenstandard Sturzprophylaxe 012 Kontrakturenprophylaxe in der Pflege 069 Umgang mit herausforderndem Verhalten bei Demenz 015 Expertenstandard \u201eakute Schmerzen\u201c 080 Wundbeurteilung und -dokumentation 043 Ulcus cruris als chronische Wunde 044 Wie entsteht der Pflegegrad? 046 Expertenstandard Mundgesundheit 022 gerontopsych. Diagnosen 055 Medikamente in der Pflege, 10-R-Regel 084 Expertenstandard Mobilit\u00e4tsf\u00f6rderung 085 Expertenstandard \u201echronischer Schmerz\u201c 089 Die GS MDS zu Ern\u00e4hrung\/Trinken 061 2 in 1 Dekubitusprophylaxe\/chronische Wunden 096 \u201eHands up\u201c Richtige H\u00e4ndehygiene und -desinfektion 034 j\u00e4hrliche Belehrung \u2013 Erste Hilfe, Notf\u00e4lle 035 j\u00e4hrliche Belehrung \u2013 Datenschutz 047 j\u00e4hrliche Belehrung \u2013 Hygiene und Infektionsschutz in der Pflege 104 j\u00e4hrliche Belehrung \u2013 zum Umgang mit Lebensmitteln \u00a7 43 IfSG 1. \u201ePiN \u2013 Pflegewissen im Netz\u201c ist ein Angebot des Institut Averosa. 2. Die Dauer der Seminare ist unterschiedlich. Der Auftragnehmer darf den Link oder pdF \u2013 USB \u2013 Stick f\u00fcr Gemeinschaftsveranstaltungen aber auch zu Einzelausbildungen im Unternehmen verwenden bzw. weitergeben. Eine Weitergabe an Dritte ist verboten. Je Seminar wird 1 Lehrbrief \u00fcbergeben, dieser wird mit den Teilnehmernachweise zugesandt. 3. Der Grundpreis orientiert sich an 15 Teilnehmern. Bei \u00dcberschreitung ergibt sich ein anteiliger Aufpreis (Grundpreis \/ 15 x Anzahl der Mitarbeiter). 4. Alle Seminare stellen den jeweils aktuellen Stand des medizinisch-pflegerischen Wissens zum Zeitpunkt des Lehrgangs dar. 5. Grundpreis: je Seminar nur 575,00 \u20ac. Km-Kosten fallen nicht an. Der Grundpreis ist f\u00e4llig vor Zusendung des pdF-USB-Stick bzw. des Links. Eine Abschlussrechnung wird unter Umst\u00e4nden nach Ausstellung der Teilnehmernachweise n\u00f6tig (siehe Punkt 2). 6. Der Auftraggeber sendet an das Institut Averosa eine Namensliste aller Mitarbeiter*innen um die Teilnahmenachweise auszufertigen. Die Teilnahmenachweise werden mit der Abschlussrechnung bzw. bei Vorlage der Namensliste zugesandt. 7. Bei Verzug 15 % Verzugszinsen, je Mahnung 15,00 \u20ac. Alle Betr\u00e4ge verstehen sich zuz\u00fcglich der jeweils geltenden MwSt. 8. Es gilt das auf der Homepage www.averosa.de ver\u00f6ffentlichte Datenschutzkonzept auf der Grundlage der EU-Datenschutzgrundverordnung und des BDSG. Nutzen Sie unser Kontaktformular f\u00fcr die Buchung gebuchte Seminare (bitte Nummern eintragen) Pflegeeinrichtung\/Pflegedienst PLZ\/Ort Stra\u00dfe\/Hausnr. Land Ansprechpartner Tel.Nr. (Bsp. 03420234300) Name, Vorname Funktion E-Mail Adresse Bemerkungen Ich habe die AGB\u2019s gelesen und stimme diesen und hier aktuell ver\u00f6ffentlichten Konditionen hiermit zu. Ich stimme der Nutzung meiner Bestandsdaten f\u00fcr Zwecke der Werbung, der Marktforschung oder zur bedarfsgerechten Gestaltung der Angebote zu. Die Regelungen der EUDSGVO und des BDSG werden ber\u00fccksichtigt. Oder drucken Sie dieses Formular ausgef\u00fcllt aus und senden Sie es per Fax an \u201e034202\/343029\u201d. Ihr Jens Frie\u00df (Institut Averosa)<\/p>\n","protected":false},"author":1,"featured_media":0,"parent":0,"menu_order":0,"comment_status":"closed","ping_status":"closed","template":"elementor_header_footer","meta":{"footnotes":"","_links_to":"","_links_to_target":""},"class_list":["post-30","page","type-page","status-publish","hentry"],"_links":{"self":[{"href":"https:\/\/care-buy.de\/averosa-neu\/index.php\/wp-json\/wp\/v2\/pages\/30","targetHints":{"allow":["GET"]}}],"collection":[{"href":"https:\/\/care-buy.de\/averosa-neu\/index.php\/wp-json\/wp\/v2\/pages"}],"about":[{"href":"https:\/\/care-buy.de\/averosa-neu\/index.php\/wp-json\/wp\/v2\/types\/page"}],"author":[{"embeddable":true,"href":"https:\/\/care-buy.de\/averosa-neu\/index.php\/wp-json\/wp\/v2\/users\/1"}],"replies":[{"embeddable":true,"href":"https:\/\/care-buy.de\/averosa-neu\/index.php\/wp-json\/wp\/v2\/comments?post=30"}],"version-history":[{"count":31,"href":"https:\/\/care-buy.de\/averosa-neu\/index.php\/wp-json\/wp\/v2\/pages\/30\/revisions"}],"predecessor-version":[{"id":383,"href":"https:\/\/care-buy.de\/averosa-neu\/index.php\/wp-json\/wp\/v2\/pages\/30\/revisions\/383"}],"wp:attachment":[{"href":"https:\/\/care-buy.de\/averosa-neu\/index.php\/wp-json\/wp\/v2\/media?parent=30"}],"curies":[{"name":"wp","href":"https:\/\/api.w.org\/{rel}","templated":true}]}}